{"id":466,"date":"2020-02-11T14:44:27","date_gmt":"2020-02-11T14:44:27","guid":{"rendered":"http:\/\/javierzarzalejos.wp01.200wp.com\/contacto\/"},"modified":"2021-01-12T10:26:41","modified_gmt":"2021-01-12T10:26:41","slug":"contact","status":"publish","type":"page","link":"https:\/\/javierzarzalejos.eu\/en\/contact\/","title":{"rendered":"Contact"},"content":{"rendered":"\n<h1>\n\t\tCONTACT\n\t<\/h1>\n\t\t\t\t<img decoding=\"async\" src=\"http:\/\/javierzarzalejos.eu\/wp-content\/uploads\/2020\/02\/JAVIER5.jpg\" alt=\"JAVIER5\" itemprop=\"image\" title=\"JAVIER5\" onerror=\"this.style.display='none'\"  \/>\n\t\t\t\t<a href=\"http:\/\/www.europarl.europa.eu\/meps\/es\/197606\/JAVIER_ZARZALEJOS\/home\" target=\"_blank\" rel=\"noopener\" itemprop=\"url\">\n\t\t\t\t<img decoding=\"async\" src=\"http:\/\/javierzarzalejos.eu\/wp-content\/uploads\/2020\/02\/bot\u00f3n-ficha-eurodiputado.png\" alt=\"bot\u00f3n ficha eurodiputado\" itemprop=\"image\" title=\"bot\u00f3n ficha eurodiputado\" onerror=\"this.style.display='none'\"  \/>\n\t\t\t\t<\/a>\n\tParlement europ\u00e9en<br \/>\nB\u00e2t. ALTIERO SPINELLI<br \/>\n10E165<br \/>\n60, rue Wiertz \/ Wiertzstraat 60<br \/>\nB-1047 Bruxelles\/Brussel\n\tParlement europ\u00e9en<br \/>\nB\u00e2t. LOUISE WEISS<br \/>\nT10006<br \/>\n1, avenue du Pr\u00e9sident Robert Schuman<br \/>\nCS 91024 F-67070 Strasbourg Cedex\nCalle Mar\u00eda de Molina 39. Piso 8\n28006\nMadrid\nIf you wish to contact <strong>Javier Zarzalejos<\/strong> complete the form below:\n\t\n<div class=\"wpcf7 no-js\" id=\"wpcf7-f1454-o1\" lang=\"es-ES\" dir=\"ltr\" data-wpcf7-id=\"1454\">\n<div class=\"screen-reader-response\"><p role=\"status\" aria-live=\"polite\" aria-atomic=\"true\"><\/p> <ul><\/ul><\/div>\n<form action=\"\/en\/wp-json\/wp\/v2\/pages\/466#wpcf7-f1454-o1\" method=\"post\" class=\"wpcf7-form init\" aria-label=\"Formulario de contacto\" novalidate=\"novalidate\" data-status=\"init\">\n<fieldset class=\"hidden-fields-container\"><input type=\"hidden\" name=\"_wpcf7\" value=\"1454\" \/><input type=\"hidden\" name=\"_wpcf7_version\" value=\"6.1.5\" \/><input type=\"hidden\" name=\"_wpcf7_locale\" value=\"es_ES\" \/><input type=\"hidden\" name=\"_wpcf7_unit_tag\" value=\"wpcf7-f1454-o1\" \/><input type=\"hidden\" name=\"_wpcf7_container_post\" value=\"0\" \/><input type=\"hidden\" name=\"_wpcf7_posted_data_hash\" value=\"\" \/><input type=\"hidden\" name=\"_wpcf7_recaptcha_response\" value=\"\" \/>\n<\/fieldset>\n<p><label> Your Name<br \/>\n<span class=\"wpcf7-form-control-wrap\" data-name=\"your-name\"><input size=\"40\" maxlength=\"400\" class=\"wpcf7-form-control wpcf7-text wpcf7-validates-as-required\" aria-required=\"true\" aria-invalid=\"false\" value=\"\" type=\"text\" name=\"your-name\" \/><\/span> <\/label>\n<\/p>\n<p><label> Your email<br \/>\n<span class=\"wpcf7-form-control-wrap\" data-name=\"your-email\"><input size=\"40\" maxlength=\"400\" class=\"wpcf7-form-control wpcf7-email wpcf7-validates-as-required wpcf7-text wpcf7-validates-as-email\" aria-required=\"true\" aria-invalid=\"false\" value=\"\" type=\"email\" name=\"your-email\" \/><\/span> <\/label>\n<\/p>\n<p><label> Your Subject<br \/>\n<span class=\"wpcf7-form-control-wrap\" data-name=\"your-subject\"><input size=\"40\" maxlength=\"400\" class=\"wpcf7-form-control wpcf7-text wpcf7-validates-as-required\" aria-required=\"true\" aria-invalid=\"false\" value=\"\" type=\"text\" name=\"your-subject\" \/><\/span> <\/label>\n<\/p>\n<p><label> Your message<br \/>\n<span class=\"wpcf7-form-control-wrap\" data-name=\"your-message\"><textarea cols=\"40\" rows=\"10\" maxlength=\"2000\" class=\"wpcf7-form-control wpcf7-textarea\" aria-invalid=\"false\" name=\"your-message\"><\/textarea><\/span> <\/label>\n<\/p>\n<p><input class=\"wpcf7-form-control wpcf7-submit has-spinner\" type=\"submit\" value=\"Submit\" \/>\n<\/p><div class=\"wpcf7-response-output\" aria-hidden=\"true\"><\/div>\n<\/form>\n<\/div>\n\n\t\t\t\t<img decoding=\"async\" src=\"http:\/\/javierzarzalejos.eu\/wp-content\/uploads\/2020\/02\/JAVIER5.jpg\" alt=\"JAVIER5\" itemprop=\"image\" title=\"JAVIER5\" onerror=\"this.style.display='none'\"  \/>\n\t\t\t\t<a href=\"http:\/\/www.europarl.europa.eu\/meps\/es\/197606\/JAVIER_ZARZALEJOS\/home\" target=\"_blank\" rel=\"noopener\" itemprop=\"url\">\n\t\t\t\t<img decoding=\"async\" src=\"http:\/\/javierzarzalejos.eu\/wp-content\/uploads\/2020\/02\/bot\u00f3n-ficha-eurodiputado.png\" alt=\"bot\u00f3n ficha eurodiputado\" itemprop=\"image\" title=\"bot\u00f3n ficha eurodiputado\" onerror=\"this.style.display='none'\"  \/>\n\t\t\t\t<\/a>\n\tParlement europ\u00e9en<br \/>\nB\u00e2t. ALTIERO SPINELLI<br \/>\n10E165<br \/>\n60, rue Wiertz \/ Wiertzstraat 60<br \/>\nB-1047 Bruxelles\/Brussel\n\tParlement europ\u00e9en<br \/>\nB\u00e2t. LOUISE WEISS<br \/>\nT10006<br \/>\n1, avenue du Pr\u00e9sident Robert Schuman<br \/>\nCS 91024 F-67070 Strasbourg Cedex\nCalle Mar\u00eda de Molina 39. Piso 8\n28006\nMadrid\nIf you wish to contact <strong>Javier Zarzalejos<\/strong> complete the form below:\n\t\n<div class=\"wpcf7 no-js\" id=\"wpcf7-f1454-o2\" lang=\"es-ES\" dir=\"ltr\" data-wpcf7-id=\"1454\">\n<div class=\"screen-reader-response\"><p role=\"status\" aria-live=\"polite\" aria-atomic=\"true\"><\/p> <ul><\/ul><\/div>\n<form action=\"\/en\/wp-json\/wp\/v2\/pages\/466#wpcf7-f1454-o2\" method=\"post\" class=\"wpcf7-form init\" aria-label=\"Formulario de contacto\" novalidate=\"novalidate\" data-status=\"init\">\n<fieldset class=\"hidden-fields-container\"><input type=\"hidden\" name=\"_wpcf7\" value=\"1454\" \/><input type=\"hidden\" name=\"_wpcf7_version\" value=\"6.1.5\" \/><input type=\"hidden\" name=\"_wpcf7_locale\" value=\"es_ES\" \/><input type=\"hidden\" name=\"_wpcf7_unit_tag\" value=\"wpcf7-f1454-o2\" \/><input type=\"hidden\" name=\"_wpcf7_container_post\" value=\"0\" \/><input type=\"hidden\" name=\"_wpcf7_posted_data_hash\" value=\"\" \/><input type=\"hidden\" name=\"_wpcf7_recaptcha_response\" value=\"\" \/>\n<\/fieldset>\n<p><label> Your Name<br \/>\n<span class=\"wpcf7-form-control-wrap\" data-name=\"your-name\"><input size=\"40\" maxlength=\"400\" class=\"wpcf7-form-control wpcf7-text wpcf7-validates-as-required\" aria-required=\"true\" aria-invalid=\"false\" value=\"\" type=\"text\" name=\"your-name\" \/><\/span> <\/label>\n<\/p>\n<p><label> Your email<br \/>\n<span class=\"wpcf7-form-control-wrap\" data-name=\"your-email\"><input size=\"40\" maxlength=\"400\" class=\"wpcf7-form-control wpcf7-email wpcf7-validates-as-required wpcf7-text wpcf7-validates-as-email\" aria-required=\"true\" aria-invalid=\"false\" value=\"\" type=\"email\" name=\"your-email\" \/><\/span> <\/label>\n<\/p>\n<p><label> Your Subject<br \/>\n<span class=\"wpcf7-form-control-wrap\" data-name=\"your-subject\"><input size=\"40\" maxlength=\"400\" class=\"wpcf7-form-control wpcf7-text wpcf7-validates-as-required\" aria-required=\"true\" aria-invalid=\"false\" value=\"\" type=\"text\" name=\"your-subject\" \/><\/span> <\/label>\n<\/p>\n<p><label> Your message<br \/>\n<span class=\"wpcf7-form-control-wrap\" data-name=\"your-message\"><textarea cols=\"40\" rows=\"10\" maxlength=\"2000\" class=\"wpcf7-form-control wpcf7-textarea\" aria-invalid=\"false\" name=\"your-message\"><\/textarea><\/span> <\/label>\n<\/p>\n<p><input class=\"wpcf7-form-control wpcf7-submit has-spinner\" type=\"submit\" value=\"Submit\" \/>\n<\/p><div class=\"wpcf7-response-output\" aria-hidden=\"true\"><\/div>\n<\/form>\n<\/div>\n\n\n","protected":false},"excerpt":{"rendered":"<p>CONTACT Parlement europ\u00e9en B\u00e2t. ALTIERO SPINELLI 10E165 60, rue Wiertz \/ Wiertzstraat 60 B-1047 Bruxelles\/Brussel Parlement europ\u00e9en B\u00e2t. LOUISE WEISS T10006 1, avenue du Pr\u00e9sident Robert Schuman CS 91024 F-67070 Strasbourg Cedex Calle Mar\u00eda de Molina 39. Piso 8 28006 Madrid If you wish to contact Javier Zarzalejos complete the form below: Parlement europ\u00e9en B\u00e2t.&hellip;<\/p>\n","protected":false},"author":1,"featured_media":0,"parent":0,"menu_order":0,"comment_status":"closed","ping_status":"closed","template":"","meta":{"inline_featured_image":false,"_monsterinsights_skip_tracking":false,"_monsterinsights_sitenote_active":false,"_monsterinsights_sitenote_note":"","_monsterinsights_sitenote_category":0,"_vp_format_video_url":"","_vp_image_focal_point":[],"footnotes":""},"class_list":["post-466","page","type-page","status-publish","hentry"],"yoast_head":"<!-- This site is optimized with the Yoast SEO plugin v27.1.1 - https:\/\/yoast.com\/product\/yoast-seo-wordpress\/ -->\n<title>Contact - P\u00e1gina oficial de Javier zarzalejos<\/title>\n<meta name=\"robots\" content=\"index, follow, max-snippet:-1, max-image-preview:large, max-video-preview:-1\" \/>\n<link rel=\"canonical\" href=\"https:\/\/javierzarzalejos.eu\/en\/contact\/\" \/>\n<meta property=\"og:locale\" content=\"en_US\" \/>\n<meta property=\"og:type\" content=\"article\" \/>\n<meta property=\"og:title\" content=\"Contact - P\u00e1gina oficial de Javier zarzalejos\" \/>\n<meta property=\"og:description\" content=\"CONTACT Parlement europ\u00e9en B\u00e2t. ALTIERO SPINELLI 10E165 60, rue Wiertz \/ Wiertzstraat 60 B-1047 Bruxelles\/Brussel Parlement europ\u00e9en B\u00e2t. LOUISE WEISS T10006 1, avenue du Pr\u00e9sident Robert Schuman CS 91024 F-67070 Strasbourg Cedex Calle Mar\u00eda de Molina 39. Piso 8 28006 Madrid If you wish to contact Javier Zarzalejos complete the form below: Parlement europ\u00e9en B\u00e2t.&hellip;\" \/>\n<meta property=\"og:url\" content=\"https:\/\/javierzarzalejos.eu\/en\/contact\/\" \/>\n<meta property=\"og:site_name\" content=\"P\u00e1gina oficial de Javier zarzalejos\" \/>\n<meta property=\"article:modified_time\" content=\"2021-01-12T10:26:41+00:00\" \/>\n<meta property=\"og:image\" content=\"http:\/\/javierzarzalejos.eu\/wp-content\/uploads\/2020\/02\/JAVIER5.jpg\" \/>\n<meta name=\"twitter:card\" content=\"summary_large_image\" \/>\n<meta name=\"twitter:label1\" content=\"Est. reading time\" \/>\n\t<meta name=\"twitter:data1\" content=\"1 minute\" \/>\n<script type=\"application\/ld+json\" class=\"yoast-schema-graph\">{\"@context\":\"https:\/\/schema.org\",\"@graph\":[{\"@type\":\"WebPage\",\"@id\":\"https:\/\/javierzarzalejos.eu\/en\/contact\/\",\"url\":\"https:\/\/javierzarzalejos.eu\/en\/contact\/\",\"name\":\"Contact - P\u00e1gina oficial de Javier zarzalejos\",\"isPartOf\":{\"@id\":\"https:\/\/javierzarzalejos.eu\/#website\"},\"primaryImageOfPage\":{\"@id\":\"https:\/\/javierzarzalejos.eu\/en\/contact\/#primaryimage\"},\"image\":{\"@id\":\"https:\/\/javierzarzalejos.eu\/en\/contact\/#primaryimage\"},\"thumbnailUrl\":\"http:\/\/javierzarzalejos.eu\/wp-content\/uploads\/2020\/02\/JAVIER5.jpg\",\"datePublished\":\"2020-02-11T14:44:27+00:00\",\"dateModified\":\"2021-01-12T10:26:41+00:00\",\"breadcrumb\":{\"@id\":\"https:\/\/javierzarzalejos.eu\/en\/contact\/#breadcrumb\"},\"inLanguage\":\"en-US\",\"potentialAction\":[{\"@type\":\"ReadAction\",\"target\":[\"https:\/\/javierzarzalejos.eu\/en\/contact\/\"]}]},{\"@type\":\"ImageObject\",\"inLanguage\":\"en-US\",\"@id\":\"https:\/\/javierzarzalejos.eu\/en\/contact\/#primaryimage\",\"url\":\"http:\/\/javierzarzalejos.eu\/wp-content\/uploads\/2020\/02\/JAVIER5.jpg\",\"contentUrl\":\"http:\/\/javierzarzalejos.eu\/wp-content\/uploads\/2020\/02\/JAVIER5.jpg\"},{\"@type\":\"BreadcrumbList\",\"@id\":\"https:\/\/javierzarzalejos.eu\/en\/contact\/#breadcrumb\",\"itemListElement\":[{\"@type\":\"ListItem\",\"position\":1,\"name\":\"Portada\",\"item\":\"https:\/\/javierzarzalejos.eu\/en\/\"},{\"@type\":\"ListItem\",\"position\":2,\"name\":\"Contact\"}]},{\"@type\":\"WebSite\",\"@id\":\"https:\/\/javierzarzalejos.eu\/#website\",\"url\":\"https:\/\/javierzarzalejos.eu\/\",\"name\":\"P\u00e1gina oficial de Javier zarzalejos\",\"description\":\"P\u00e1gina oficial de Javier zarzalejos\",\"potentialAction\":[{\"@type\":\"SearchAction\",\"target\":{\"@type\":\"EntryPoint\",\"urlTemplate\":\"https:\/\/javierzarzalejos.eu\/?s={search_term_string}\"},\"query-input\":{\"@type\":\"PropertyValueSpecification\",\"valueRequired\":true,\"valueName\":\"search_term_string\"}}],\"inLanguage\":\"en-US\"}]}<\/script>\n<!-- \/ Yoast SEO plugin. -->","yoast_head_json":{"title":"Contact - P\u00e1gina oficial de Javier zarzalejos","robots":{"index":"index","follow":"follow","max-snippet":"max-snippet:-1","max-image-preview":"max-image-preview:large","max-video-preview":"max-video-preview:-1"},"canonical":"https:\/\/javierzarzalejos.eu\/en\/contact\/","og_locale":"en_US","og_type":"article","og_title":"Contact - P\u00e1gina oficial de Javier zarzalejos","og_description":"CONTACT Parlement europ\u00e9en B\u00e2t. ALTIERO SPINELLI 10E165 60, rue Wiertz \/ Wiertzstraat 60 B-1047 Bruxelles\/Brussel Parlement europ\u00e9en B\u00e2t. LOUISE WEISS T10006 1, avenue du Pr\u00e9sident Robert Schuman CS 91024 F-67070 Strasbourg Cedex Calle Mar\u00eda de Molina 39. Piso 8 28006 Madrid If you wish to contact Javier Zarzalejos complete the form below: Parlement europ\u00e9en B\u00e2t.&hellip;","og_url":"https:\/\/javierzarzalejos.eu\/en\/contact\/","og_site_name":"P\u00e1gina oficial de Javier zarzalejos","article_modified_time":"2021-01-12T10:26:41+00:00","og_image":[{"url":"http:\/\/javierzarzalejos.eu\/wp-content\/uploads\/2020\/02\/JAVIER5.jpg","type":"","width":"","height":""}],"twitter_card":"summary_large_image","twitter_misc":{"Est. reading time":"1 minute"},"schema":{"@context":"https:\/\/schema.org","@graph":[{"@type":"WebPage","@id":"https:\/\/javierzarzalejos.eu\/en\/contact\/","url":"https:\/\/javierzarzalejos.eu\/en\/contact\/","name":"Contact - P\u00e1gina oficial de Javier zarzalejos","isPartOf":{"@id":"https:\/\/javierzarzalejos.eu\/#website"},"primaryImageOfPage":{"@id":"https:\/\/javierzarzalejos.eu\/en\/contact\/#primaryimage"},"image":{"@id":"https:\/\/javierzarzalejos.eu\/en\/contact\/#primaryimage"},"thumbnailUrl":"http:\/\/javierzarzalejos.eu\/wp-content\/uploads\/2020\/02\/JAVIER5.jpg","datePublished":"2020-02-11T14:44:27+00:00","dateModified":"2021-01-12T10:26:41+00:00","breadcrumb":{"@id":"https:\/\/javierzarzalejos.eu\/en\/contact\/#breadcrumb"},"inLanguage":"en-US","potentialAction":[{"@type":"ReadAction","target":["https:\/\/javierzarzalejos.eu\/en\/contact\/"]}]},{"@type":"ImageObject","inLanguage":"en-US","@id":"https:\/\/javierzarzalejos.eu\/en\/contact\/#primaryimage","url":"http:\/\/javierzarzalejos.eu\/wp-content\/uploads\/2020\/02\/JAVIER5.jpg","contentUrl":"http:\/\/javierzarzalejos.eu\/wp-content\/uploads\/2020\/02\/JAVIER5.jpg"},{"@type":"BreadcrumbList","@id":"https:\/\/javierzarzalejos.eu\/en\/contact\/#breadcrumb","itemListElement":[{"@type":"ListItem","position":1,"name":"Portada","item":"https:\/\/javierzarzalejos.eu\/en\/"},{"@type":"ListItem","position":2,"name":"Contact"}]},{"@type":"WebSite","@id":"https:\/\/javierzarzalejos.eu\/#website","url":"https:\/\/javierzarzalejos.eu\/","name":"P\u00e1gina oficial de Javier zarzalejos","description":"P\u00e1gina oficial de Javier zarzalejos","potentialAction":[{"@type":"SearchAction","target":{"@type":"EntryPoint","urlTemplate":"https:\/\/javierzarzalejos.eu\/?s={search_term_string}"},"query-input":{"@type":"PropertyValueSpecification","valueRequired":true,"valueName":"search_term_string"}}],"inLanguage":"en-US"}]}},"_links":{"self":[{"href":"https:\/\/javierzarzalejos.eu\/en\/wp-json\/wp\/v2\/pages\/466","targetHints":{"allow":["GET"]}}],"collection":[{"href":"https:\/\/javierzarzalejos.eu\/en\/wp-json\/wp\/v2\/pages"}],"about":[{"href":"https:\/\/javierzarzalejos.eu\/en\/wp-json\/wp\/v2\/types\/page"}],"author":[{"embeddable":true,"href":"https:\/\/javierzarzalejos.eu\/en\/wp-json\/wp\/v2\/users\/1"}],"replies":[{"embeddable":true,"href":"https:\/\/javierzarzalejos.eu\/en\/wp-json\/wp\/v2\/comments?post=466"}],"version-history":[{"count":5,"href":"https:\/\/javierzarzalejos.eu\/en\/wp-json\/wp\/v2\/pages\/466\/revisions"}],"predecessor-version":[{"id":1466,"href":"https:\/\/javierzarzalejos.eu\/en\/wp-json\/wp\/v2\/pages\/466\/revisions\/1466"}],"wp:attachment":[{"href":"https:\/\/javierzarzalejos.eu\/en\/wp-json\/wp\/v2\/media?parent=466"}],"curies":[{"name":"wp","href":"https:\/\/api.w.org\/{rel}","templated":true}]}}