{"id":470,"date":"2020-02-10T11:39:52","date_gmt":"2020-02-10T11:39:52","guid":{"rendered":"http:\/\/javierzarzalejos.wp01.200wp.com\/medios\/"},"modified":"2026-03-23T16:44:55","modified_gmt":"2026-03-23T15:44:55","slug":"media","status":"publish","type":"page","link":"https:\/\/javierzarzalejos.eu\/en\/media\/","title":{"rendered":"Media"},"content":{"rendered":"\n<h1>\n\t\t\t PRESENCE IN THE MEDIA\t<\/h1>\n\t<h3><a href=\"\/en\/interviews\/\">INTERVIEWS<\/a> | <a href=\"\/en\/opinion-articles\/\">OPINION ARTICLES<\/a> | <a href=\"\/en\/press-releases\/\">PRESS RELEASES<\/a> | <a href=\"https:\/\/javierzarzalejos.eu\/en\/publisehd-works\/\">PUBLISHED WORKS<\/a><\/h3>\n\t<h3>LATEST INTERVIEWS:<\/h3>\n\t<h3>LATEST OPINION ARTICLES:<\/h3>\n\t<p><strong>&#8216;IR\u00c1N Y EL DERECHO&#8217;<\/strong><\/p>\n<p><i>EL CORREO<\/i><\/p>\n<p>6.3.26<\/p>\n\t\t\t<a href=\"\"  target=\"_self\">\n\t\t\t\t\t\tVer art\u00edculo\n\t\t\t\t\t<\/a>\n\t<p><strong>&#8216;LA ILUSI\u00d3N DE LA DERROTA&#8217;<\/strong><\/p>\n<p><i>EL CORREO<\/i><\/p>\n<p>20.2.26<\/p>\n\t\t\t<a href=\"https:\/\/javierzarzalejos.eu\/wp-content\/uploads\/2026\/02\/La-ilu_sion-de-la-derrota-EL-CORREO.pdf\"  target=\"_self\">\n\t\t\t\t\t\tVer art\u00edculo\n\t\t\t\t\t<\/a>\n\t<p><strong>&#8216;TERRITORIO DESCONOCIDO&#8217;<\/strong><\/p>\n<p><i>EL CORREO<\/i><\/p>\n<p>9.1.26<\/p>\n\t\t\t<a href=\"https:\/\/javierzarzalejos.eu\/wp-content\/uploads\/2026\/01\/Territorio-desconocido-el-correo-9.01.26.pdf\"  target=\"_self\">\n\t\t\t\t\t\tVer art\u00edculo\n\t\t\t\t\t<\/a>\n\t<h3>LATEST PRESS RELEASES:<\/h3>\n\n","protected":false},"excerpt":{"rendered":"<p>PRESENCE IN THE MEDIA INTERVIEWS | OPINION ARTICLES | PRESS RELEASES | PUBLISHED WORKS LATEST INTERVIEWS: LATEST OPINION ARTICLES: &#8216;IR\u00c1N Y EL DERECHO&#8217; EL CORREO 6.3.26 Ver art\u00edculo &#8216;LA ILUSI\u00d3N DE LA DERROTA&#8217; EL CORREO 20.2.26 Ver art\u00edculo &#8216;TERRITORIO DESCONOCIDO&#8217; EL CORREO 9.1.26 Ver art\u00edculo LATEST PRESS RELEASES:<\/p>\n","protected":false},"author":1,"featured_media":0,"parent":0,"menu_order":0,"comment_status":"closed","ping_status":"closed","template":"","meta":{"inline_featured_image":false,"_monsterinsights_skip_tracking":false,"_monsterinsights_sitenote_active":false,"_monsterinsights_sitenote_note":"","_monsterinsights_sitenote_category":0,"_vp_format_video_url":"","_vp_image_focal_point":[],"footnotes":""},"class_list":["post-470","page","type-page","status-publish","hentry"],"yoast_head":"<!-- This site is optimized with the Yoast SEO plugin v27.1.1 - https:\/\/yoast.com\/product\/yoast-seo-wordpress\/ -->\n<title>Media - P\u00e1gina oficial de Javier zarzalejos<\/title>\n<meta name=\"robots\" content=\"index, follow, max-snippet:-1, max-image-preview:large, max-video-preview:-1\" \/>\n<link rel=\"canonical\" href=\"https:\/\/javierzarzalejos.eu\/en\/media\/\" \/>\n<meta property=\"og:locale\" content=\"en_US\" \/>\n<meta property=\"og:type\" content=\"article\" \/>\n<meta property=\"og:title\" content=\"Media - P\u00e1gina oficial de Javier zarzalejos\" \/>\n<meta property=\"og:description\" content=\"PRESENCE IN THE MEDIA INTERVIEWS | OPINION ARTICLES | PRESS RELEASES | PUBLISHED WORKS LATEST INTERVIEWS: LATEST OPINION ARTICLES: &#8216;IR\u00c1N Y EL DERECHO&#8217; EL CORREO 6.3.26 Ver art\u00edculo &#8216;LA ILUSI\u00d3N DE LA DERROTA&#8217; EL CORREO 20.2.26 Ver art\u00edculo &#8216;TERRITORIO DESCONOCIDO&#8217; EL CORREO 9.1.26 Ver art\u00edculo LATEST PRESS RELEASES:\" \/>\n<meta property=\"og:url\" content=\"https:\/\/javierzarzalejos.eu\/en\/media\/\" \/>\n<meta property=\"og:site_name\" content=\"P\u00e1gina oficial de Javier zarzalejos\" \/>\n<meta property=\"article:modified_time\" content=\"2026-03-23T15:44:55+00:00\" \/>\n<meta name=\"twitter:card\" content=\"summary_large_image\" \/>\n<meta name=\"twitter:label1\" content=\"Est. reading time\" \/>\n\t<meta name=\"twitter:data1\" content=\"1 minute\" \/>\n<script type=\"application\/ld+json\" class=\"yoast-schema-graph\">{\"@context\":\"https:\/\/schema.org\",\"@graph\":[{\"@type\":\"WebPage\",\"@id\":\"https:\/\/javierzarzalejos.eu\/en\/media\/\",\"url\":\"https:\/\/javierzarzalejos.eu\/en\/media\/\",\"name\":\"Media - P\u00e1gina oficial de Javier zarzalejos\",\"isPartOf\":{\"@id\":\"https:\/\/javierzarzalejos.eu\/#website\"},\"datePublished\":\"2020-02-10T11:39:52+00:00\",\"dateModified\":\"2026-03-23T15:44:55+00:00\",\"breadcrumb\":{\"@id\":\"https:\/\/javierzarzalejos.eu\/en\/media\/#breadcrumb\"},\"inLanguage\":\"en-US\",\"potentialAction\":[{\"@type\":\"ReadAction\",\"target\":[\"https:\/\/javierzarzalejos.eu\/en\/media\/\"]}]},{\"@type\":\"BreadcrumbList\",\"@id\":\"https:\/\/javierzarzalejos.eu\/en\/media\/#breadcrumb\",\"itemListElement\":[{\"@type\":\"ListItem\",\"position\":1,\"name\":\"Portada\",\"item\":\"https:\/\/javierzarzalejos.eu\/en\/\"},{\"@type\":\"ListItem\",\"position\":2,\"name\":\"Media\"}]},{\"@type\":\"WebSite\",\"@id\":\"https:\/\/javierzarzalejos.eu\/#website\",\"url\":\"https:\/\/javierzarzalejos.eu\/\",\"name\":\"P\u00e1gina oficial de Javier zarzalejos\",\"description\":\"P\u00e1gina oficial de Javier zarzalejos\",\"potentialAction\":[{\"@type\":\"SearchAction\",\"target\":{\"@type\":\"EntryPoint\",\"urlTemplate\":\"https:\/\/javierzarzalejos.eu\/?s={search_term_string}\"},\"query-input\":{\"@type\":\"PropertyValueSpecification\",\"valueRequired\":true,\"valueName\":\"search_term_string\"}}],\"inLanguage\":\"en-US\"}]}<\/script>\n<!-- \/ Yoast SEO plugin. -->","yoast_head_json":{"title":"Media - P\u00e1gina oficial de Javier zarzalejos","robots":{"index":"index","follow":"follow","max-snippet":"max-snippet:-1","max-image-preview":"max-image-preview:large","max-video-preview":"max-video-preview:-1"},"canonical":"https:\/\/javierzarzalejos.eu\/en\/media\/","og_locale":"en_US","og_type":"article","og_title":"Media - P\u00e1gina oficial de Javier zarzalejos","og_description":"PRESENCE IN THE MEDIA INTERVIEWS | OPINION ARTICLES | PRESS RELEASES | PUBLISHED WORKS LATEST INTERVIEWS: LATEST OPINION ARTICLES: &#8216;IR\u00c1N Y EL DERECHO&#8217; EL CORREO 6.3.26 Ver art\u00edculo &#8216;LA ILUSI\u00d3N DE LA DERROTA&#8217; EL CORREO 20.2.26 Ver art\u00edculo &#8216;TERRITORIO DESCONOCIDO&#8217; EL CORREO 9.1.26 Ver art\u00edculo LATEST PRESS RELEASES:","og_url":"https:\/\/javierzarzalejos.eu\/en\/media\/","og_site_name":"P\u00e1gina oficial de Javier zarzalejos","article_modified_time":"2026-03-23T15:44:55+00:00","twitter_card":"summary_large_image","twitter_misc":{"Est. reading time":"1 minute"},"schema":{"@context":"https:\/\/schema.org","@graph":[{"@type":"WebPage","@id":"https:\/\/javierzarzalejos.eu\/en\/media\/","url":"https:\/\/javierzarzalejos.eu\/en\/media\/","name":"Media - P\u00e1gina oficial de Javier zarzalejos","isPartOf":{"@id":"https:\/\/javierzarzalejos.eu\/#website"},"datePublished":"2020-02-10T11:39:52+00:00","dateModified":"2026-03-23T15:44:55+00:00","breadcrumb":{"@id":"https:\/\/javierzarzalejos.eu\/en\/media\/#breadcrumb"},"inLanguage":"en-US","potentialAction":[{"@type":"ReadAction","target":["https:\/\/javierzarzalejos.eu\/en\/media\/"]}]},{"@type":"BreadcrumbList","@id":"https:\/\/javierzarzalejos.eu\/en\/media\/#breadcrumb","itemListElement":[{"@type":"ListItem","position":1,"name":"Portada","item":"https:\/\/javierzarzalejos.eu\/en\/"},{"@type":"ListItem","position":2,"name":"Media"}]},{"@type":"WebSite","@id":"https:\/\/javierzarzalejos.eu\/#website","url":"https:\/\/javierzarzalejos.eu\/","name":"P\u00e1gina oficial de Javier zarzalejos","description":"P\u00e1gina oficial de Javier zarzalejos","potentialAction":[{"@type":"SearchAction","target":{"@type":"EntryPoint","urlTemplate":"https:\/\/javierzarzalejos.eu\/?s={search_term_string}"},"query-input":{"@type":"PropertyValueSpecification","valueRequired":true,"valueName":"search_term_string"}}],"inLanguage":"en-US"}]}},"_links":{"self":[{"href":"https:\/\/javierzarzalejos.eu\/en\/wp-json\/wp\/v2\/pages\/470","targetHints":{"allow":["GET"]}}],"collection":[{"href":"https:\/\/javierzarzalejos.eu\/en\/wp-json\/wp\/v2\/pages"}],"about":[{"href":"https:\/\/javierzarzalejos.eu\/en\/wp-json\/wp\/v2\/types\/page"}],"author":[{"embeddable":true,"href":"https:\/\/javierzarzalejos.eu\/en\/wp-json\/wp\/v2\/users\/1"}],"replies":[{"embeddable":true,"href":"https:\/\/javierzarzalejos.eu\/en\/wp-json\/wp\/v2\/comments?post=470"}],"version-history":[{"count":11,"href":"https:\/\/javierzarzalejos.eu\/en\/wp-json\/wp\/v2\/pages\/470\/revisions"}],"predecessor-version":[{"id":43383,"href":"https:\/\/javierzarzalejos.eu\/en\/wp-json\/wp\/v2\/pages\/470\/revisions\/43383"}],"wp:attachment":[{"href":"https:\/\/javierzarzalejos.eu\/en\/wp-json\/wp\/v2\/media?parent=470"}],"curies":[{"name":"wp","href":"https:\/\/api.w.org\/{rel}","templated":true}]}}